{"id":10954,"date":"2021-10-09T11:53:54","date_gmt":"2021-10-09T11:53:54","guid":{"rendered":"http:\/\/consulting-demo.loc\/?page_id=10954"},"modified":"2025-03-20T13:07:50","modified_gmt":"2025-03-20T12:07:50","slug":"nos-solutions","status":"publish","type":"page","link":"https:\/\/pepapps.com\/coates\/nos-solutions\/","title":{"rendered":"Nos Solutions"},"content":{"rendered":"\t\t<div data-elementor-type=\"wp-page\" data-elementor-id=\"10954\" class=\"elementor elementor-10954\" data-elementor-post-type=\"page\">\n\t\t\t\t\t\t<section class=\"elementor-section elementor-top-section elementor-element elementor-element-703f6be4 elementor-section-full_width elementor-section-height-min-height elementor-section-content-middle elementor-section-height-default elementor-section-items-middle\" data-id=\"703f6be4\" data-element_type=\"section\" data-settings=\"{&quot;background_background&quot;:&quot;classic&quot;}\">\n\t\t\t\t\t\t\t<div class=\"elementor-background-overlay\"><\/div>\n\t\t\t\t\t\t\t<div class=\"elementor-container elementor-column-gap-default\">\n\t\t\t\t\t<div class=\"elementor-column elementor-col-100 elementor-top-column elementor-element elementor-element-3973226d\" data-id=\"3973226d\" data-element_type=\"column\" data-settings=\"{&quot;background_background&quot;:&quot;classic&quot;}\">\n\t\t\t<div class=\"elementor-widget-wrap elementor-element-populated\">\n\t\t\t\t\t<div class=\"elementor-background-overlay\"><\/div>\n\t\t\t\t\t\t<div class=\"elementor-element elementor-element-6caa8722 elementor-absolute elementor-widget elementor-widget-image\" data-id=\"6caa8722\" data-element_type=\"widget\" data-settings=\"{&quot;_position&quot;:&quot;absolute&quot;}\" data-widget_type=\"image.default\">\n\t\t\t\t<div class=\"elementor-widget-container\">\n\t\t\t\t\t\t\t\t\t\t\t\t\t\t\t<img decoding=\"async\" src=\"https:\/\/consulting.stylemixthemes.com\/demo\/wp-content\/uploads\/2021\/svg\/triangle_for_slide_5.svg\" title=\"\" alt=\"\" loading=\"lazy\" \/>\t\t\t\t\t\t\t\t\t\t\t\t\t\t\t<\/div>\n\t\t\t\t<\/div>\n\t\t\t\t<div class=\"elementor-element elementor-element-2ed541fa elementor-widget elementor-widget-page-title\" data-id=\"2ed541fa\" data-element_type=\"widget\" data-settings=\"{&quot;align&quot;:&quot;center&quot;}\" data-widget_type=\"page-title.default\">\n\t\t\t\t<div class=\"elementor-widget-container\">\n\t\t\t\t\t\t\t\n\t\t<div class=\"hfe-page-title hfe-page-title-wrapper elementor-widget-heading\">\n\n\t\t\t\t\t\t\t\t<h2 class=\"elementor-heading-title elementor-size-large\">\n\t\t\t\t\t\t\t\t\n\t\t\t\tNos Solutions  \n\t\t\t<\/h2 > \n\t\t\t\t\t<\/div>\n\t\t\t\t\t\t<\/div>\n\t\t\t\t<\/div>\n\t\t\t\t<section class=\"elementor-section elementor-inner-section elementor-element elementor-element-1400b7ad elementor-section-boxed elementor-section-height-default elementor-section-height-default\" data-id=\"1400b7ad\" data-element_type=\"section\">\n\t\t\t\t\t\t<div class=\"elementor-container elementor-column-gap-default\">\n\t\t\t\t\t<div class=\"elementor-column elementor-col-100 elementor-inner-column elementor-element elementor-element-1f4301e6\" data-id=\"1f4301e6\" data-element_type=\"column\">\n\t\t\t<div class=\"elementor-widget-wrap elementor-element-populated\">\n\t\t\t\t\t\t<div class=\"elementor-element elementor-element-4de8daa elementor-widget elementor-widget-text-editor\" data-id=\"4de8daa\" data-element_type=\"widget\" data-widget_type=\"text-editor.default\">\n\t\t\t\t<div class=\"elementor-widget-container\">\n\t\t\t\t\t\t\t\t\t<p>Depuis 1945<\/p>\n\t\t\t\t\t\t\t\t<\/div>\n\t\t\t\t<\/div>\n\t\t\t\t\t<\/div>\n\t\t<\/div>\n\t\t\t\t\t<\/div>\n\t\t<\/section>\n\t\t\t\t\t<\/div>\n\t\t<\/div>\n\t\t\t\t\t<\/div>\n\t\t<\/section>\n\t\t\t\t<section class=\"elementor-section elementor-top-section elementor-element elementor-element-350b303 elementor-section-full_width elementor-section-height-default elementor-section-height-default\" data-id=\"350b303\" data-element_type=\"section\">\n\t\t\t\t\t\t<div class=\"elementor-container elementor-column-gap-default\">\n\t\t\t\t\t<div class=\"elementor-column elementor-col-100 elementor-top-column elementor-element elementor-element-70b69cb\" data-id=\"70b69cb\" data-element_type=\"column\">\n\t\t\t<div class=\"elementor-widget-wrap elementor-element-populated\">\n\t\t\t\t\t\t<section class=\"elementor-section elementor-inner-section elementor-element elementor-element-a7bf91c elementor-section-height-min-height elementor-section-boxed elementor-section-height-default\" data-id=\"a7bf91c\" data-element_type=\"section\">\n\t\t\t\t\t\t<div class=\"elementor-container elementor-column-gap-default\">\n\t\t\t\t\t<div class=\"elementor-column elementor-col-100 elementor-inner-column elementor-element elementor-element-36db0ec\" data-id=\"36db0ec\" data-element_type=\"column\" data-settings=\"{&quot;background_background&quot;:&quot;classic&quot;}\">\n\t\t\t<div class=\"elementor-widget-wrap elementor-element-populated\">\n\t\t\t\t\t\t<div class=\"elementor-element elementor-element-1feba49 elementor-widget elementor-widget-stm_services\" data-id=\"1feba49\" data-element_type=\"widget\" data-widget_type=\"stm_services.default\">\n\t\t\t\t<div class=\"elementor-widget-container\">\n\t\t\t\t\t\n\t<div class=\"stm_services consulting_elementor_services style_8 cols_4\">\n\t\t\t\t\t<div class=\"stm_service\">\n\n\t\t\t\t<div class=\"stm_service__icon\">\n\t\t\t\t\t<i class=\"stm-mumbai_monitor\"><\/i>\n\t\t\t\t<\/div>\n\t\t\t\t\t\t\t\t<h3 class=\"stm_service__title\">\n\t\t\t\t\t<a href=\"https:\/\/pepapps.com\/coates\/service\/assurance-cyber\/\">\n\t\t\t\t\t\tAssurance Cyber\t\t\t\t\t<\/a>\n\t\t\t\t<\/h3>\n\t\t\t\t\n\t\t\t\t\n\t\t\t\t\t\t\t<\/div>\n\t\t\t\t\t<div class=\"stm_service\">\n\n\t\t\t\t<div class=\"stm_service__icon\">\n\t\t\t\t\t<i class=\"stm-mans\"><\/i>\n\t\t\t\t<\/div>\n\t\t\t\t\t\t\t\t<h3 class=\"stm_service__title\">\n\t\t\t\t\t<a href=\"https:\/\/pepapps.com\/coates\/service\/responsabilite-civile-des-dirigeants\/\">\n\t\t\t\t\t\tResponsabilit\u00e9 Civile des Dirigeants\t\t\t\t\t<\/a>\n\t\t\t\t<\/h3>\n\t\t\t\t\n\t\t\t\t\n\t\t\t\t\t\t\t<\/div>\n\t\t\t\t\t<div class=\"stm_service\">\n\n\t\t\t\t<div class=\"stm_service__icon\">\n\t\t\t\t\t<i class=\"stm-glob-shield\"><\/i>\n\t\t\t\t<\/div>\n\t\t\t\t\t\t\t\t<h3 class=\"stm_service__title\">\n\t\t\t\t\t<a href=\"https:\/\/pepapps.com\/coates\/service\/grele\/\">\n\t\t\t\t\t\tGr\u00eale\t\t\t\t\t<\/a>\n\t\t\t\t<\/h3>\n\t\t\t\t\n\t\t\t\t\n\t\t\t\t\t\t\t<\/div>\n\t\t\t\t\t<div class=\"stm_service\">\n\n\t\t\t\t<div class=\"stm_service__icon\">\n\t\t\t\t\t<i class=\"stm-chart-refresh\"><\/i>\n\t\t\t\t<\/div>\n\t\t\t\t\t\t\t\t<h3 class=\"stm_service__title\">\n\t\t\t\t\t<a href=\"https:\/\/pepapps.com\/coates\/service\/responsabilite-civile-environnementale\/\">\n\t\t\t\t\t\tResponsabilit\u00e9 Civile Environnementale\t\t\t\t\t<\/a>\n\t\t\t\t<\/h3>\n\t\t\t\t\n\t\t\t\t\n\t\t\t\t\t\t\t<\/div>\n\t\t\t\t\t<div class=\"stm_service\">\n\n\t\t\t\t<div class=\"stm_service__icon\">\n\t\t\t\t\t<i class=\"stm-online-plane-big\"><\/i>\n\t\t\t\t<\/div>\n\t\t\t\t\t\t\t\t<h3 class=\"stm_service__title\">\n\t\t\t\t\t<a href=\"https:\/\/pepapps.com\/coates\/service\/aviation\/\">\n\t\t\t\t\t\tAviation\t\t\t\t\t<\/a>\n\t\t\t\t<\/h3>\n\t\t\t\t\n\t\t\t\t\n\t\t\t\t\t\t\t<\/div>\n\t\t\t\t\t<div class=\"stm_service\">\n\n\t\t\t\t<div class=\"stm_service__icon\">\n\t\t\t\t\t<i class=\"stm-briefcase\"><\/i>\n\t\t\t\t<\/div>\n\t\t\t\t\t\t\t\t<h3 class=\"stm_service__title\">\n\t\t\t\t\t<a href=\"https:\/\/pepapps.com\/coates\/service\/professions-liberales-et-reglementees\/\">\n\t\t\t\t\t\tProfessions Lib\u00e9rales et r\u00e9glement\u00e9es\t\t\t\t\t<\/a>\n\t\t\t\t<\/h3>\n\t\t\t\t\n\t\t\t\t\n\t\t\t\t\t\t\t<\/div>\n\t\t\t\t\t<div class=\"stm_service\">\n\n\t\t\t\t<div class=\"stm_service__icon\">\n\t\t\t\t\t<i class=\"stm-glob-workers\"><\/i>\n\t\t\t\t<\/div>\n\t\t\t\t\t\t\t\t<h3 class=\"stm_service__title\">\n\t\t\t\t\t<a href=\"https:\/\/pepapps.com\/coates\/service\/dommage-aux-biens\/\">\n\t\t\t\t\t\tDommage aux biens\t\t\t\t\t<\/a>\n\t\t\t\t<\/h3>\n\t\t\t\t\n\t\t\t\t\n\t\t\t\t\t\t\t<\/div>\n\t\t\t\t\t<div class=\"stm_service\">\n\n\t\t\t\t<div class=\"stm_service__icon\">\n\t\t\t\t\t<i class=\"stm-lorry6\"><\/i>\n\t\t\t\t<\/div>\n\t\t\t\t\t\t\t\t<h3 class=\"stm_service__title\">\n\t\t\t\t\t<a href=\"https:\/\/pepapps.com\/coates\/service\/transport\/\">\n\t\t\t\t\t\tTransport\t\t\t\t\t<\/a>\n\t\t\t\t<\/h3>\n\t\t\t\t\n\t\t\t\t\n\t\t\t\t\t\t\t<\/div>\n\t\t\t\t\t<div class=\"stm_service\">\n\n\t\t\t\t<div class=\"stm_service__icon\">\n\t\t\t\t\t<i class=\"stm-stm14_public\"><\/i>\n\t\t\t\t<\/div>\n\t\t\t\t\t\t\t\t<h3 class=\"stm_service__title\">\n\t\t\t\t\t<a href=\"https:\/\/pepapps.com\/coates\/service\/construction\/\">\n\t\t\t\t\t\tConstruction\t\t\t\t\t<\/a>\n\t\t\t\t<\/h3>\n\t\t\t\t\n\t\t\t\t\n\t\t\t\t\t\t\t<\/div>\n\t\t\t\t\t<div class=\"stm_service\">\n\n\t\t\t\t<div class=\"stm_service__icon\">\n\t\t\t\t\t<i class=\"stm-brief-bag\"><\/i>\n\t\t\t\t<\/div>\n\t\t\t\t\t\t\t\t<h3 class=\"stm_service__title\">\n\t\t\t\t\t<a href=\"https:\/\/pepapps.com\/coates\/service\/responsabilite-civile-entreprise\/\">\n\t\t\t\t\t\tResponsabilit\u00e9 Civile Entreprise\t\t\t\t\t<\/a>\n\t\t\t\t<\/h3>\n\t\t\t\t\n\t\t\t\t\n\t\t\t\t\t\t\t<\/div>\n\t\t\t\t\t<div class=\"stm_service\">\n\n\t\t\t\t<div class=\"stm_service__icon\">\n\t\t\t\t\t<i class=\"stm-world-money\"><\/i>\n\t\t\t\t<\/div>\n\t\t\t\t\t\t\t\t<h3 class=\"stm_service__title\">\n\t\t\t\t\t<a href=\"https:\/\/pepapps.com\/coates\/service\/multirisques-pro\/\">\n\t\t\t\t\t\tMultirisques pro\t\t\t\t\t<\/a>\n\t\t\t\t<\/h3>\n\t\t\t\t\n\t\t\t\t\n\t\t\t\t\t\t\t<\/div>\n\t\t\t\t\t<div class=\"stm_service\">\n\n\t\t\t\t<div class=\"stm_service__icon\">\n\t\t\t\t\t<i class=\"stm-financial-services\"><\/i>\n\t\t\t\t<\/div>\n\t\t\t\t\t\t\t\t<h3 class=\"stm_service__title\">\n\t\t\t\t\t<a href=\"https:\/\/pepapps.com\/coates\/service\/retraite-collective\/\">\n\t\t\t\t\t\tRetraite Collective\t\t\t\t\t<\/a>\n\t\t\t\t<\/h3>\n\t\t\t\t\n\t\t\t\t\n\t\t\t\t\t\t\t<\/div>\n\t\t\t<\/div>\n\n\t\t\t\t\t<\/div>\n\t\t\t\t<\/div>\n\t\t\t\t\t<\/div>\n\t\t<\/div>\n\t\t\t\t\t<\/div>\n\t\t<\/section>\n\t\t\t\t\t<\/div>\n\t\t<\/div>\n\t\t\t\t\t<\/div>\n\t\t<\/section>\n\t\t\t\t<section class=\"elementor-section elementor-top-section elementor-element elementor-element-4055cee elementor-section-stretched elementor-section-boxed elementor-section-height-default elementor-section-height-default\" data-id=\"4055cee\" data-element_type=\"section\" data-settings=\"{&quot;stretch_section&quot;:&quot;section-stretched&quot;}\">\n\t\t\t\t\t\t\t<div class=\"elementor-background-overlay\"><\/div>\n\t\t\t\t\t\t\t<div class=\"elementor-container elementor-column-gap-default\">\n\t\t\t\t\t<div class=\"elementor-column elementor-col-16 elementor-top-column elementor-element elementor-element-998a58c\" data-id=\"998a58c\" data-element_type=\"column\">\n\t\t\t<div class=\"elementor-widget-wrap\">\n\t\t\t\t\t\t\t<\/div>\n\t\t<\/div>\n\t\t\t\t<div class=\"elementor-column elementor-col-66 elementor-top-column elementor-element elementor-element-21957ff\" data-id=\"21957ff\" data-element_type=\"column\">\n\t\t\t<div class=\"elementor-widget-wrap elementor-element-populated\">\n\t\t\t\t\t\t<div class=\"elementor-element elementor-element-a0eff43 elementor-widget elementor-widget-stm_spacing\" data-id=\"a0eff43\" data-element_type=\"widget\" data-widget_type=\"stm_spacing.default\">\n\t\t\t\t<div class=\"elementor-widget-container\">\n\t\t\t\t\t<div class=\"stm-spacing\" id=\"stm-spacing-69fdc63f105a0\"><\/div>\n<script>\n    (function($){\n        \"use strict\";\n        var spacingID = 'stm-spacing-69fdc63f105a0',\n            lgSpacing = '60',\n            mdSpacing = '60',\n            smSpacing = '60',\n            xsSpacing = '60';\n\n        function stmSpacing() {\n            if ( window.matchMedia(\"(min-width: 1200px)\").matches && lgSpacing ) {\n                $( '#' + spacingID ).css ( \"height\", lgSpacing );\n            } else if ( window.matchMedia(\"(max-width: 1199px) and (min-width: 992px )\").matches && mdSpacing ) {\n                $( '#' + spacingID ).css ( \"height\", mdSpacing );\n            } else if ( window.matchMedia(\"(max-width: 991px) and (min-width: 768px )\").matches && smSpacing ) {\n                $( '#' + spacingID ).css ( \"height\", smSpacing );\n            } else if ( window.matchMedia(\"(max-width: 767px)\").matches && xsSpacing ) {\n                $( '#' + spacingID ).css ( \"height\", xsSpacing );\n            } else {\n                $( '#' + spacingID ).css ( \"height\", \"\" );\n            }\n        }\n\n        $(document).ready(function() {\n            stmSpacing();\n        });\n\n        $(window).resize(function() {\n            stmSpacing();\n        });\n\n    })(jQuery);\n<\/script>\t\t\t\t<\/div>\n\t\t\t\t<\/div>\n\t\t\t\t<div class=\"elementor-element elementor-element-e33e6ac elementor-widget elementor-widget-vc_custom_heading\" data-id=\"e33e6ac\" data-element_type=\"widget\" data-widget_type=\"vc_custom_heading.default\">\n\t\t\t\t<div class=\"elementor-widget-container\">\n\t\t\t\t\t<div class=\" vc_custom_heading  consulting_heading_font  text_align_center title_no_stripe\" ><h2 style=\"text-align: center;font-weight:700\" class=\"consulting-custom-title\"> Contactez-nous aujourd'hui,<br \/>nous vous rappelons sous 24h \n<\/h2><\/div>\t\t\t\t<\/div>\n\t\t\t\t<\/div>\n\t\t\t\t<div class=\"elementor-element elementor-element-989715b elementor-align-center elementor-widget elementor-widget-button\" data-id=\"989715b\" data-element_type=\"widget\" data-widget_type=\"button.default\">\n\t\t\t\t<div class=\"elementor-widget-container\">\n\t\t\t\t\t\t\t\t\t<div class=\"elementor-button-wrapper icon_align_  \">\n\t\t\t\t\t<a class=\"elementor-button elementor-button-link elementor-size-lg\" href=\"\/contactez-nous\/\">\n\t\t\t\t\t\t<span class=\"elementor-button-content-wrapper\">\n\t\t\t\t\t\t\t\t\t<span class=\"elementor-button-text\">Contactez-nous<\/span>\n\t\t\t\t\t<\/span>\n\t\t\t\t\t<\/a>\n\t\t\t\t<\/div>\n\t\t\t\t\t\t\t\t<\/div>\n\t\t\t\t<\/div>\n\t\t\t\t<div class=\"elementor-element elementor-element-f1388b1 elementor-widget elementor-widget-stm_spacing\" data-id=\"f1388b1\" data-element_type=\"widget\" data-widget_type=\"stm_spacing.default\">\n\t\t\t\t<div class=\"elementor-widget-container\">\n\t\t\t\t\t<div class=\"stm-spacing\" id=\"stm-spacing-69fdc63f11a33\"><\/div>\n<script>\n    (function($){\n        \"use strict\";\n        var spacingID = 'stm-spacing-69fdc63f11a33',\n            lgSpacing = '50',\n            mdSpacing = '50',\n            smSpacing = '50',\n            xsSpacing = '50';\n\n        function stmSpacing() {\n            if ( window.matchMedia(\"(min-width: 1200px)\").matches && lgSpacing ) {\n                $( '#' + spacingID ).css ( \"height\", lgSpacing );\n            } else if ( window.matchMedia(\"(max-width: 1199px) and (min-width: 992px )\").matches && mdSpacing ) {\n                $( '#' + spacingID ).css ( \"height\", mdSpacing );\n            } else if ( window.matchMedia(\"(max-width: 991px) and (min-width: 768px )\").matches && smSpacing ) {\n                $( '#' + spacingID ).css ( \"height\", smSpacing );\n            } else if ( window.matchMedia(\"(max-width: 767px)\").matches && xsSpacing ) {\n                $( '#' + spacingID ).css ( \"height\", xsSpacing );\n            } else {\n                $( '#' + spacingID ).css ( \"height\", \"\" );\n            }\n        }\n\n        $(document).ready(function() {\n            stmSpacing();\n        });\n\n        $(window).resize(function() {\n            stmSpacing();\n        });\n\n    })(jQuery);\n<\/script>\t\t\t\t<\/div>\n\t\t\t\t<\/div>\n\t\t\t\t\t<\/div>\n\t\t<\/div>\n\t\t\t\t<div class=\"elementor-column elementor-col-16 elementor-top-column elementor-element elementor-element-79744a2\" data-id=\"79744a2\" data-element_type=\"column\">\n\t\t\t<div class=\"elementor-widget-wrap\">\n\t\t\t\t\t\t\t<\/div>\n\t\t<\/div>\n\t\t\t\t\t<\/div>\n\t\t<\/section>\n\t\t\t\t<\/div>\n\t\t","protected":false},"excerpt":{"rendered":"<p>Nos Solutions Depuis 1945 Assurance Cyber Responsabilit\u00e9 Civile des Dirigeants Gr\u00eale Responsabilit\u00e9 Civile Environnementale Aviation Professions Lib\u00e9rales et r\u00e9glement\u00e9es Dommage aux biens Transport Construction Responsabilit\u00e9 Civile Entreprise Multirisques pro Retraite Collective Contactez-nous aujourd&#8217;hui,nous vous rappelons sous 24h Contactez-nous<\/p>\n","protected":false},"author":1,"featured_media":0,"parent":0,"menu_order":0,"comment_status":"closed","ping_status":"closed","template":"","meta":{"footnotes":""},"class_list":["post-10954","page","type-page","status-publish","hentry"],"_links":{"self":[{"href":"https:\/\/pepapps.com\/coates\/wp-json\/wp\/v2\/pages\/10954","targetHints":{"allow":["GET"]}}],"collection":[{"href":"https:\/\/pepapps.com\/coates\/wp-json\/wp\/v2\/pages"}],"about":[{"href":"https:\/\/pepapps.com\/coates\/wp-json\/wp\/v2\/types\/page"}],"author":[{"embeddable":true,"href":"https:\/\/pepapps.com\/coates\/wp-json\/wp\/v2\/users\/1"}],"replies":[{"embeddable":true,"href":"https:\/\/pepapps.com\/coates\/wp-json\/wp\/v2\/comments?post=10954"}],"version-history":[{"count":19,"href":"https:\/\/pepapps.com\/coates\/wp-json\/wp\/v2\/pages\/10954\/revisions"}],"predecessor-version":[{"id":13193,"href":"https:\/\/pepapps.com\/coates\/wp-json\/wp\/v2\/pages\/10954\/revisions\/13193"}],"wp:attachment":[{"href":"https:\/\/pepapps.com\/coates\/wp-json\/wp\/v2\/media?parent=10954"}],"curies":[{"name":"wp","href":"https:\/\/api.w.org\/{rel}","templated":true}]}}