{"id":12863,"date":"2024-05-26T13:09:03","date_gmt":"2024-05-26T11:09:03","guid":{"rendered":"https:\/\/pepapps.com\/coates\/?page_id=12863"},"modified":"2025-01-12T12:02:51","modified_gmt":"2025-01-12T11:02:51","slug":"events","status":"publish","type":"page","link":"https:\/\/pepapps.com\/coates\/nos-expertises\/events\/","title":{"rendered":"Events"},"content":{"rendered":"\t\t<div data-elementor-type=\"wp-page\" data-elementor-id=\"12863\" class=\"elementor elementor-12863\" data-elementor-post-type=\"page\">\n\t\t\t\t\t\t<section class=\"elementor-section elementor-top-section elementor-element elementor-element-09d2e74 elementor-section-height-min-height elementor-section-boxed elementor-section-height-default elementor-section-items-middle\" data-id=\"09d2e74\" data-element_type=\"section\" data-settings=\"{&quot;background_background&quot;:&quot;classic&quot;}\">\n\t\t\t\t\t\t\t<div class=\"elementor-background-overlay\"><\/div>\n\t\t\t\t\t\t\t<div class=\"elementor-container elementor-column-gap-default\">\n\t\t\t\t\t<div class=\"elementor-column elementor-col-100 elementor-top-column elementor-element elementor-element-866394d\" data-id=\"866394d\" data-element_type=\"column\">\n\t\t\t<div class=\"elementor-widget-wrap elementor-element-populated\">\n\t\t\t\t\t\t<div class=\"elementor-element elementor-element-0704e31 elementor-widget elementor-widget-vc_custom_heading\" data-id=\"0704e31\" data-element_type=\"widget\" data-widget_type=\"vc_custom_heading.default\">\n\t\t\t\t<div class=\"elementor-widget-container\">\n\t\t\t\t\t<div class=\" vc_custom_heading  consulting_heading_font  text_align_center\" ><h1 style=\"color: #FFFFFF;text-align: center\" class=\"consulting-custom-title\">Events<\/h1><\/div>\t\t\t\t<\/div>\n\t\t\t\t<\/div>\n\t\t\t\t\t<\/div>\n\t\t<\/div>\n\t\t\t\t\t<\/div>\n\t\t<\/section>\n\t\t\t\t<section class=\"elementor-section elementor-top-section elementor-element elementor-element-796e385 elementor-section-boxed elementor-section-height-default elementor-section-height-default\" data-id=\"796e385\" data-element_type=\"section\">\n\t\t\t\t\t\t<div class=\"elementor-container elementor-column-gap-default\">\n\t\t\t\t\t<div class=\"elementor-column elementor-col-100 elementor-top-column elementor-element elementor-element-37727c3\" data-id=\"37727c3\" data-element_type=\"column\">\n\t\t\t<div class=\"elementor-widget-wrap elementor-element-populated\">\n\t\t\t\t\t\t<section class=\"elementor-section elementor-inner-section elementor-element elementor-element-552fd43 elementor-section-boxed elementor-section-height-default elementor-section-height-default\" data-id=\"552fd43\" data-element_type=\"section\">\n\t\t\t\t\t\t<div class=\"elementor-container elementor-column-gap-default\">\n\t\t\t\t\t<div class=\"elementor-column elementor-col-100 elementor-inner-column elementor-element elementor-element-9dc705f\" data-id=\"9dc705f\" data-element_type=\"column\">\n\t\t\t<div class=\"elementor-widget-wrap elementor-element-populated\">\n\t\t\t\t\t\t<div class=\"elementor-element elementor-element-d889d82 elementor-widget elementor-widget-text-editor\" data-id=\"d889d82\" data-element_type=\"widget\" data-widget_type=\"text-editor.default\">\n\t\t\t\t<div class=\"elementor-widget-container\">\n\t\t\t\t\t\t\t\t\t<p>Event<\/p>\n\t\t\t\t\t\t\t\t<\/div>\n\t\t\t\t<\/div>\n\t\t\t\t<div class=\"elementor-element elementor-element-0f3a269 elementor-widget elementor-widget-image\" data-id=\"0f3a269\" data-element_type=\"widget\" data-widget_type=\"image.default\">\n\t\t\t\t<div class=\"elementor-widget-container\">\n\t\t\t\t\t\t\t\t\t\t\t\t\t\t\t<img decoding=\"async\" width=\"1024\" height=\"7\" src=\"https:\/\/pepapps.com\/coates\/wp-content\/uploads\/2023\/12\/separateur-1024x7.jpg\" class=\"attachment-large size-large wp-image-11858\" alt=\"\" srcset=\"https:\/\/pepapps.com\/coates\/wp-content\/uploads\/2023\/12\/separateur-1024x7.jpg 1024w, https:\/\/pepapps.com\/coates\/wp-content\/uploads\/2023\/12\/separateur-300x2.jpg 300w, https:\/\/pepapps.com\/coates\/wp-content\/uploads\/2023\/12\/separateur-768x5.jpg 768w, https:\/\/pepapps.com\/coates\/wp-content\/uploads\/2023\/12\/separateur-1536x10.jpg 1536w, https:\/\/pepapps.com\/coates\/wp-content\/uploads\/2023\/12\/separateur-900x6.jpg 900w, https:\/\/pepapps.com\/coates\/wp-content\/uploads\/2023\/12\/separateur.jpg 1785w\" sizes=\"(max-width: 1024px) 100vw, 1024px\" \/>\t\t\t\t\t\t\t\t\t\t\t\t\t\t\t<\/div>\n\t\t\t\t<\/div>\n\t\t\t\t\t<\/div>\n\t\t<\/div>\n\t\t\t\t\t<\/div>\n\t\t<\/section>\n\t\t\t\t<section class=\"elementor-section elementor-inner-section elementor-element elementor-element-fc7c7e5 elementor-section-boxed elementor-section-height-default elementor-section-height-default\" data-id=\"fc7c7e5\" data-element_type=\"section\">\n\t\t\t\t\t\t<div class=\"elementor-container elementor-column-gap-default\">\n\t\t\t\t\t<div class=\"elementor-column elementor-col-100 elementor-inner-column elementor-element elementor-element-27400ba\" data-id=\"27400ba\" data-element_type=\"column\">\n\t\t\t<div class=\"elementor-widget-wrap elementor-element-populated\">\n\t\t\t\t\t\t<div class=\"elementor-element elementor-element-bb0f02c elementor-widget elementor-widget-text-editor\" data-id=\"bb0f02c\" data-element_type=\"widget\" data-widget_type=\"text-editor.default\">\n\t\t\t\t<div class=\"elementor-widget-container\">\n\t\t\t\t\t\t\t\t\t<p>En tant que sp\u00e9cialiste de l\u2019assurance \u00e9v\u00e8nementiel, \u00a0notre objectif est de vous accompagner dans vos projets d\u2019organisation de manifestations artistiques, culturelles, sportives ou musicales pour bien appr\u00e9hender les risques auxquels vous \u00eates expos\u00e9s et prendre des d\u00e9cisions pertinentes.<\/p>\n<p>\u00a0<\/p>\n<p>L\u2019exposition aux risques de ce type \u00e9v\u00e8nement est importante et n\u00e9cessite une approche affin\u00e9e.<\/p>\n<p>\u00a0<\/p>\n<p>Les pertes financi\u00e8res dues \u00e0 une annulation totale ou partielle, \u00e0 l\u2019indisponibilit\u00e9 d\u2019artiste ou de l\u2019\u00e9quipe technique, les risques climatiques, les dommages aux biens confi\u00e9s, aux mat\u00e9riels tecnhiques et aux infrastructures l\u00e9g\u00e8res en sont quelques exemples.<\/p>\n<p>\u00a0<\/p>\n<p>Fort de son exp\u00e9rience r\u00e9gionale, LOUVET &amp; COATES a nou\u00e9 des relations privil\u00e9gi\u00e9es avec des partenaires sp\u00e9cialis\u00e9es pour cr\u00e9er et adapter des solutions d\u2019assurances sp\u00e9cifiques, transposables \u00e0 tout type d\u2019\u00e9v\u00e8nements, en conservant un lien de confiance, de proximit\u00e9, d\u2019efficacit\u00e9 et de r\u00e9activit\u00e9 avec les clients.<\/p>\n<p>\u00a0<\/p>\n<p>Un client chez LOUVET &amp; COATES, c\u2019est un conseiller et un gestionnaire d\u00e9di\u00e9s<\/p>\n\t\t\t\t\t\t\t\t<\/div>\n\t\t\t\t<\/div>\n\t\t\t\t\t<\/div>\n\t\t<\/div>\n\t\t\t\t\t<\/div>\n\t\t<\/section>\n\t\t\t\t\t<\/div>\n\t\t<\/div>\n\t\t\t\t\t<\/div>\n\t\t<\/section>\n\t\t\t\t<section class=\"elementor-section elementor-top-section elementor-element elementor-element-005eb17 elementor-section-stretched elementor-section-boxed elementor-section-height-default elementor-section-height-default\" data-id=\"005eb17\" data-element_type=\"section\" data-settings=\"{&quot;stretch_section&quot;:&quot;section-stretched&quot;}\">\n\t\t\t\t\t\t\t<div class=\"elementor-background-overlay\"><\/div>\n\t\t\t\t\t\t\t<div class=\"elementor-container elementor-column-gap-default\">\n\t\t\t\t\t<div class=\"elementor-column elementor-col-16 elementor-top-column elementor-element elementor-element-08be953\" data-id=\"08be953\" data-element_type=\"column\">\n\t\t\t<div class=\"elementor-widget-wrap\">\n\t\t\t\t\t\t\t<\/div>\n\t\t<\/div>\n\t\t\t\t<div class=\"elementor-column elementor-col-66 elementor-top-column elementor-element elementor-element-af21b74\" data-id=\"af21b74\" data-element_type=\"column\">\n\t\t\t<div class=\"elementor-widget-wrap elementor-element-populated\">\n\t\t\t\t\t\t<div class=\"elementor-element elementor-element-db1b5cf elementor-widget elementor-widget-stm_spacing\" data-id=\"db1b5cf\" data-element_type=\"widget\" data-widget_type=\"stm_spacing.default\">\n\t\t\t\t<div class=\"elementor-widget-container\">\n\t\t\t\t\t<div class=\"stm-spacing\" id=\"stm-spacing-69fdc48f0df69\"><\/div>\n<script>\n    (function($){\n        \"use strict\";\n        var spacingID = 'stm-spacing-69fdc48f0df69',\n            lgSpacing = '60',\n            mdSpacing = '60',\n            smSpacing = '60',\n            xsSpacing = '60';\n\n        function stmSpacing() {\n            if ( window.matchMedia(\"(min-width: 1200px)\").matches && lgSpacing ) {\n                $( '#' + spacingID ).css ( \"height\", lgSpacing );\n            } else if ( window.matchMedia(\"(max-width: 1199px) and (min-width: 992px )\").matches && mdSpacing ) {\n                $( '#' + spacingID ).css ( \"height\", mdSpacing );\n            } else if ( window.matchMedia(\"(max-width: 991px) and (min-width: 768px )\").matches && smSpacing ) {\n                $( '#' + spacingID ).css ( \"height\", smSpacing );\n            } else if ( window.matchMedia(\"(max-width: 767px)\").matches && xsSpacing ) {\n                $( '#' + spacingID ).css ( \"height\", xsSpacing );\n            } else {\n                $( '#' + spacingID ).css ( \"height\", \"\" );\n            }\n        }\n\n        $(document).ready(function() {\n            stmSpacing();\n        });\n\n        $(window).resize(function() {\n            stmSpacing();\n        });\n\n    })(jQuery);\n<\/script>\t\t\t\t<\/div>\n\t\t\t\t<\/div>\n\t\t\t\t<div class=\"elementor-element elementor-element-dba7675 elementor-widget elementor-widget-vc_custom_heading\" data-id=\"dba7675\" data-element_type=\"widget\" data-widget_type=\"vc_custom_heading.default\">\n\t\t\t\t<div class=\"elementor-widget-container\">\n\t\t\t\t\t<div class=\" vc_custom_heading  consulting_heading_font  text_align_center title_no_stripe\" ><h2 style=\"text-align: center;font-weight:700\" class=\"consulting-custom-title\"> Contactez-nous aujourd'hui,<br \/>nous vous rappelons sous 24h \n<\/h2><\/div>\t\t\t\t<\/div>\n\t\t\t\t<\/div>\n\t\t\t\t<div class=\"elementor-element elementor-element-9b013f3 elementor-align-center elementor-widget elementor-widget-button\" data-id=\"9b013f3\" data-element_type=\"widget\" data-widget_type=\"button.default\">\n\t\t\t\t<div class=\"elementor-widget-container\">\n\t\t\t\t\t\t\t\t\t<div class=\"elementor-button-wrapper icon_align_  \">\n\t\t\t\t\t<a class=\"elementor-button elementor-button-link elementor-size-lg\" href=\"\/contactez-nous\/\">\n\t\t\t\t\t\t<span class=\"elementor-button-content-wrapper\">\n\t\t\t\t\t\t\t\t\t<span class=\"elementor-button-text\">Contactez-nous<\/span>\n\t\t\t\t\t<\/span>\n\t\t\t\t\t<\/a>\n\t\t\t\t<\/div>\n\t\t\t\t\t\t\t\t<\/div>\n\t\t\t\t<\/div>\n\t\t\t\t<div class=\"elementor-element elementor-element-177a6aa elementor-widget elementor-widget-stm_spacing\" data-id=\"177a6aa\" data-element_type=\"widget\" data-widget_type=\"stm_spacing.default\">\n\t\t\t\t<div class=\"elementor-widget-container\">\n\t\t\t\t\t<div class=\"stm-spacing\" id=\"stm-spacing-69fdc48f0f6ad\"><\/div>\n<script>\n    (function($){\n        \"use strict\";\n        var spacingID = 'stm-spacing-69fdc48f0f6ad',\n            lgSpacing = '50',\n            mdSpacing = '50',\n            smSpacing = '50',\n            xsSpacing = '50';\n\n        function stmSpacing() {\n            if ( window.matchMedia(\"(min-width: 1200px)\").matches && lgSpacing ) {\n                $( '#' + spacingID ).css ( \"height\", lgSpacing );\n            } else if ( window.matchMedia(\"(max-width: 1199px) and (min-width: 992px )\").matches && mdSpacing ) {\n                $( '#' + spacingID ).css ( \"height\", mdSpacing );\n            } else if ( window.matchMedia(\"(max-width: 991px) and (min-width: 768px )\").matches && smSpacing ) {\n                $( '#' + spacingID ).css ( \"height\", smSpacing );\n            } else if ( window.matchMedia(\"(max-width: 767px)\").matches && xsSpacing ) {\n                $( '#' + spacingID ).css ( \"height\", xsSpacing );\n            } else {\n                $( '#' + spacingID ).css ( \"height\", \"\" );\n            }\n        }\n\n        $(document).ready(function() {\n            stmSpacing();\n        });\n\n        $(window).resize(function() {\n            stmSpacing();\n        });\n\n    })(jQuery);\n<\/script>\t\t\t\t<\/div>\n\t\t\t\t<\/div>\n\t\t\t\t\t<\/div>\n\t\t<\/div>\n\t\t\t\t<div class=\"elementor-column elementor-col-16 elementor-top-column elementor-element elementor-element-c1bae09\" data-id=\"c1bae09\" data-element_type=\"column\">\n\t\t\t<div class=\"elementor-widget-wrap\">\n\t\t\t\t\t\t\t<\/div>\n\t\t<\/div>\n\t\t\t\t\t<\/div>\n\t\t<\/section>\n\t\t\t\t<\/div>\n\t\t","protected":false},"excerpt":{"rendered":"<p>Events Event En tant que sp\u00e9cialiste de l\u2019assurance \u00e9v\u00e8nementiel, \u00a0notre objectif est de vous accompagner dans vos projets d\u2019organisation de manifestations artistiques, culturelles, sportives ou musicales pour bien appr\u00e9hender les risques auxquels vous \u00eates expos\u00e9s et prendre des d\u00e9cisions pertinentes. \u00a0 L\u2019exposition aux risques de ce type \u00e9v\u00e8nement est importante et n\u00e9cessite une approche affin\u00e9e.<\/p>\n","protected":false},"author":1,"featured_media":0,"parent":12860,"menu_order":0,"comment_status":"closed","ping_status":"closed","template":"","meta":{"footnotes":""},"class_list":["post-12863","page","type-page","status-publish","hentry"],"_links":{"self":[{"href":"https:\/\/pepapps.com\/coates\/wp-json\/wp\/v2\/pages\/12863","targetHints":{"allow":["GET"]}}],"collection":[{"href":"https:\/\/pepapps.com\/coates\/wp-json\/wp\/v2\/pages"}],"about":[{"href":"https:\/\/pepapps.com\/coates\/wp-json\/wp\/v2\/types\/page"}],"author":[{"embeddable":true,"href":"https:\/\/pepapps.com\/coates\/wp-json\/wp\/v2\/users\/1"}],"replies":[{"embeddable":true,"href":"https:\/\/pepapps.com\/coates\/wp-json\/wp\/v2\/comments?post=12863"}],"version-history":[{"count":7,"href":"https:\/\/pepapps.com\/coates\/wp-json\/wp\/v2\/pages\/12863\/revisions"}],"predecessor-version":[{"id":13046,"href":"https:\/\/pepapps.com\/coates\/wp-json\/wp\/v2\/pages\/12863\/revisions\/13046"}],"up":[{"embeddable":true,"href":"https:\/\/pepapps.com\/coates\/wp-json\/wp\/v2\/pages\/12860"}],"wp:attachment":[{"href":"https:\/\/pepapps.com\/coates\/wp-json\/wp\/v2\/media?parent=12863"}],"curies":[{"name":"wp","href":"https:\/\/api.w.org\/{rel}","templated":true}]}}