{"id":12866,"date":"2024-05-26T13:09:19","date_gmt":"2024-05-26T11:09:19","guid":{"rendered":"https:\/\/pepapps.com\/coates\/?page_id=12866"},"modified":"2025-01-12T12:11:58","modified_gmt":"2025-01-12T11:11:58","slug":"energie-renouvelable","status":"publish","type":"page","link":"https:\/\/pepapps.com\/coates\/energie-renouvelable\/","title":{"rendered":"Energies renouvelables"},"content":{"rendered":"\t\t<div data-elementor-type=\"wp-page\" data-elementor-id=\"12866\" class=\"elementor elementor-12866\" data-elementor-post-type=\"page\">\n\t\t\t\t\t\t<section class=\"elementor-section elementor-top-section elementor-element elementor-element-23fc2e4 elementor-section-height-min-height elementor-section-boxed elementor-section-height-default elementor-section-items-middle\" data-id=\"23fc2e4\" data-element_type=\"section\" data-settings=\"{&quot;background_background&quot;:&quot;classic&quot;}\">\n\t\t\t\t\t\t\t<div class=\"elementor-background-overlay\"><\/div>\n\t\t\t\t\t\t\t<div class=\"elementor-container elementor-column-gap-default\">\n\t\t\t\t\t<div class=\"elementor-column elementor-col-100 elementor-top-column elementor-element elementor-element-d1013de\" data-id=\"d1013de\" data-element_type=\"column\">\n\t\t\t<div class=\"elementor-widget-wrap elementor-element-populated\">\n\t\t\t\t\t\t<div class=\"elementor-element elementor-element-8865c6f elementor-widget elementor-widget-vc_custom_heading\" data-id=\"8865c6f\" data-element_type=\"widget\" data-widget_type=\"vc_custom_heading.default\">\n\t\t\t\t<div class=\"elementor-widget-container\">\n\t\t\t\t\t<div class=\" vc_custom_heading  consulting_heading_font  text_align_center\" ><h1 style=\"color: #FFFFFF;text-align: center\" class=\"consulting-custom-title\">Energies renouvelables<\/h1><\/div>\t\t\t\t<\/div>\n\t\t\t\t<\/div>\n\t\t\t\t\t<\/div>\n\t\t<\/div>\n\t\t\t\t\t<\/div>\n\t\t<\/section>\n\t\t\t\t<section class=\"elementor-section elementor-top-section elementor-element elementor-element-e03d6af elementor-section-boxed elementor-section-height-default elementor-section-height-default\" data-id=\"e03d6af\" data-element_type=\"section\">\n\t\t\t\t\t\t<div class=\"elementor-container elementor-column-gap-default\">\n\t\t\t\t\t<div class=\"elementor-column elementor-col-100 elementor-top-column elementor-element elementor-element-17d2513\" data-id=\"17d2513\" data-element_type=\"column\">\n\t\t\t<div class=\"elementor-widget-wrap elementor-element-populated\">\n\t\t\t\t\t\t<section class=\"elementor-section elementor-inner-section elementor-element elementor-element-6645af2 elementor-section-boxed elementor-section-height-default elementor-section-height-default\" data-id=\"6645af2\" data-element_type=\"section\">\n\t\t\t\t\t\t<div class=\"elementor-container elementor-column-gap-default\">\n\t\t\t\t\t<div class=\"elementor-column elementor-col-100 elementor-inner-column elementor-element elementor-element-3871ce9\" data-id=\"3871ce9\" data-element_type=\"column\">\n\t\t\t<div class=\"elementor-widget-wrap elementor-element-populated\">\n\t\t\t\t\t\t<div class=\"elementor-element elementor-element-d271b91 elementor-widget elementor-widget-text-editor\" data-id=\"d271b91\" data-element_type=\"widget\" data-widget_type=\"text-editor.default\">\n\t\t\t\t<div class=\"elementor-widget-container\">\n\t\t\t\t\t\t\t\t\t<p>Energies renouvelables<\/p>\n\t\t\t\t\t\t\t\t<\/div>\n\t\t\t\t<\/div>\n\t\t\t\t<div class=\"elementor-element elementor-element-2a6ce58 elementor-widget elementor-widget-image\" data-id=\"2a6ce58\" data-element_type=\"widget\" data-widget_type=\"image.default\">\n\t\t\t\t<div class=\"elementor-widget-container\">\n\t\t\t\t\t\t\t\t\t\t\t\t\t\t\t<img decoding=\"async\" width=\"1024\" height=\"7\" src=\"https:\/\/pepapps.com\/coates\/wp-content\/uploads\/2023\/12\/separateur-1024x7.jpg\" class=\"attachment-large size-large wp-image-11858\" alt=\"\" srcset=\"https:\/\/pepapps.com\/coates\/wp-content\/uploads\/2023\/12\/separateur-1024x7.jpg 1024w, https:\/\/pepapps.com\/coates\/wp-content\/uploads\/2023\/12\/separateur-300x2.jpg 300w, https:\/\/pepapps.com\/coates\/wp-content\/uploads\/2023\/12\/separateur-768x5.jpg 768w, https:\/\/pepapps.com\/coates\/wp-content\/uploads\/2023\/12\/separateur-1536x10.jpg 1536w, https:\/\/pepapps.com\/coates\/wp-content\/uploads\/2023\/12\/separateur-900x6.jpg 900w, https:\/\/pepapps.com\/coates\/wp-content\/uploads\/2023\/12\/separateur.jpg 1785w\" sizes=\"(max-width: 1024px) 100vw, 1024px\" \/>\t\t\t\t\t\t\t\t\t\t\t\t\t\t\t<\/div>\n\t\t\t\t<\/div>\n\t\t\t\t<div class=\"elementor-element elementor-element-2483cbb elementor-widget elementor-widget-text-editor\" data-id=\"2483cbb\" data-element_type=\"widget\" data-widget_type=\"text-editor.default\">\n\t\t\t\t<div class=\"elementor-widget-container\">\n\t\t\t\t\t\t\t\t\t<p>Avoir un impact durable et b\u00e9n\u00e9fique pour tous<\/p>\n\t\t\t\t\t\t\t\t<\/div>\n\t\t\t\t<\/div>\n\t\t\t\t\t<\/div>\n\t\t<\/div>\n\t\t\t\t\t<\/div>\n\t\t<\/section>\n\t\t\t\t<section class=\"elementor-section elementor-inner-section elementor-element elementor-element-f1ee0df elementor-section-boxed elementor-section-height-default elementor-section-height-default\" data-id=\"f1ee0df\" data-element_type=\"section\">\n\t\t\t\t\t\t<div class=\"elementor-container elementor-column-gap-default\">\n\t\t\t\t\t<div class=\"elementor-column elementor-col-100 elementor-inner-column elementor-element elementor-element-1010918\" data-id=\"1010918\" data-element_type=\"column\">\n\t\t\t<div class=\"elementor-widget-wrap elementor-element-populated\">\n\t\t\t\t\t\t<div class=\"elementor-element elementor-element-b0c344a elementor-widget elementor-widget-text-editor\" data-id=\"b0c344a\" data-element_type=\"widget\" data-widget_type=\"text-editor.default\">\n\t\t\t\t<div class=\"elementor-widget-container\">\n\t\t\t\t\t\t\t\t\t<p>Chez COATES ASSURANCES, les \u00e9nergies renouvelables, c\u2019est un sujet majeur.<\/p>\n<p>Les nouvelles \u00e9nergies jouent un r\u00f4le essentiel dans notre syst\u00e8me \u00e9conomique et notre progr\u00e8s. Depuis de nombreuses ann\u00e9es, COATES ASSURANCES soutient ce secteur en perp\u00e9tuelle \u00e9volution en mettant en place des solutions novatrices qui s\u2019ajustent aux avanc\u00e9es technologiques et aux modifications de l\u2019environnement r\u00e8glementaire et \u00e9conomique.<\/p>\n<p>Notre \u00e9quipe est \u00e0 vos c\u00f4t\u00e9s pour vous assister \u00e0 chaque \u00e9tape de votre projet, vous offrant des solutions d\u2019assurances optimales de la phase de construction \u00e0 celle de l\u2019exploitation.<\/p>\n\t\t\t\t\t\t\t\t<\/div>\n\t\t\t\t<\/div>\n\t\t\t\t<div class=\"elementor-element elementor-element-4768a3c elementor-widget elementor-widget-text-editor\" data-id=\"4768a3c\" data-element_type=\"widget\" data-widget_type=\"text-editor.default\">\n\t\t\t\t<div class=\"elementor-widget-container\">\n\t\t\t\t\t\t\t\t\t<p><strong>Notre valeur ajout\u00e9e dans ce domaine\u00a0:<\/strong><\/p>\n\t\t\t\t\t\t\t\t<\/div>\n\t\t\t\t<\/div>\n\t\t\t\t\t<\/div>\n\t\t<\/div>\n\t\t\t\t\t<\/div>\n\t\t<\/section>\n\t\t\t\t<section class=\"elementor-section elementor-inner-section elementor-element elementor-element-fb066c1 elementor-section-boxed elementor-section-height-default elementor-section-height-default\" data-id=\"fb066c1\" data-element_type=\"section\">\n\t\t\t\t\t\t<div class=\"elementor-container elementor-column-gap-default\">\n\t\t\t\t\t<div class=\"elementor-column elementor-col-33 elementor-inner-column elementor-element elementor-element-6f91bda\" data-id=\"6f91bda\" data-element_type=\"column\">\n\t\t\t<div class=\"elementor-widget-wrap elementor-element-populated\">\n\t\t\t\t\t\t<div class=\"elementor-element elementor-element-0c264b3 elementor-widget elementor-widget-image\" data-id=\"0c264b3\" data-element_type=\"widget\" data-widget_type=\"image.default\">\n\t\t\t\t<div class=\"elementor-widget-container\">\n\t\t\t\t\t\t\t\t\t\t\t\t\t\t\t<img decoding=\"async\" width=\"46\" height=\"61\" src=\"https:\/\/pepapps.com\/coates\/wp-content\/uploads\/2024\/01\/c1.jpg\" class=\"attachment-large size-large wp-image-13033\" alt=\"\" \/>\t\t\t\t\t\t\t\t\t\t\t\t\t\t\t<\/div>\n\t\t\t\t<\/div>\n\t\t\t\t<div class=\"elementor-element elementor-element-eab9211 elementor-widget elementor-widget-text-editor\" data-id=\"eab9211\" data-element_type=\"widget\" data-widget_type=\"text-editor.default\">\n\t\t\t\t<div class=\"elementor-widget-container\">\n\t\t\t\t\t\t\t\t\t<p>Des conseils sp\u00e9cialis\u00e9s et sur- mesure<\/p>\n\t\t\t\t\t\t\t\t<\/div>\n\t\t\t\t<\/div>\n\t\t\t\t\t<\/div>\n\t\t<\/div>\n\t\t\t\t<div class=\"elementor-column elementor-col-33 elementor-inner-column elementor-element elementor-element-d6c39e6\" data-id=\"d6c39e6\" data-element_type=\"column\">\n\t\t\t<div class=\"elementor-widget-wrap elementor-element-populated\">\n\t\t\t\t\t\t<div class=\"elementor-element elementor-element-9a87ad4 elementor-widget elementor-widget-image\" data-id=\"9a87ad4\" data-element_type=\"widget\" data-widget_type=\"image.default\">\n\t\t\t\t<div class=\"elementor-widget-container\">\n\t\t\t\t\t\t\t\t\t\t\t\t\t\t\t<img decoding=\"async\" width=\"78\" height=\"70\" src=\"https:\/\/pepapps.com\/coates\/wp-content\/uploads\/2024\/01\/c2.jpg\" class=\"attachment-large size-large wp-image-13034\" alt=\"\" \/>\t\t\t\t\t\t\t\t\t\t\t\t\t\t\t<\/div>\n\t\t\t\t<\/div>\n\t\t\t\t<div class=\"elementor-element elementor-element-b1cf21f elementor-widget elementor-widget-text-editor\" data-id=\"b1cf21f\" data-element_type=\"widget\" data-widget_type=\"text-editor.default\">\n\t\t\t\t<div class=\"elementor-widget-container\">\n\t\t\t\t\t\t\t\t\t<p>Constamment anticiper pour mieux vous prot\u00e9ger<\/p>\n\t\t\t\t\t\t\t\t<\/div>\n\t\t\t\t<\/div>\n\t\t\t\t\t<\/div>\n\t\t<\/div>\n\t\t\t\t<div class=\"elementor-column elementor-col-33 elementor-inner-column elementor-element elementor-element-0354ca5\" data-id=\"0354ca5\" data-element_type=\"column\">\n\t\t\t<div class=\"elementor-widget-wrap elementor-element-populated\">\n\t\t\t\t\t\t<div class=\"elementor-element elementor-element-7ed2759 elementor-widget elementor-widget-image\" data-id=\"7ed2759\" data-element_type=\"widget\" data-widget_type=\"image.default\">\n\t\t\t\t<div class=\"elementor-widget-container\">\n\t\t\t\t\t\t\t\t\t\t\t\t\t\t\t<img loading=\"lazy\" decoding=\"async\" width=\"71\" height=\"71\" src=\"https:\/\/pepapps.com\/coates\/wp-content\/uploads\/2024\/01\/c3.jpg\" class=\"attachment-large size-large wp-image-13032\" alt=\"\" srcset=\"https:\/\/pepapps.com\/coates\/wp-content\/uploads\/2024\/01\/c3.jpg 71w, https:\/\/pepapps.com\/coates\/wp-content\/uploads\/2024\/01\/c3-50x50.jpg 50w\" sizes=\"(max-width: 71px) 100vw, 71px\" \/>\t\t\t\t\t\t\t\t\t\t\t\t\t\t\t<\/div>\n\t\t\t\t<\/div>\n\t\t\t\t<div class=\"elementor-element elementor-element-2dea9ea elementor-widget elementor-widget-text-editor\" data-id=\"2dea9ea\" data-element_type=\"widget\" data-widget_type=\"text-editor.default\">\n\t\t\t\t<div class=\"elementor-widget-container\">\n\t\t\t\t\t\t\t\t\t<p>En permanence \u00e0 vos c\u00f4t\u00e9s, r\u00e9actifs en cas de sinistres<\/p>\n\t\t\t\t\t\t\t\t<\/div>\n\t\t\t\t<\/div>\n\t\t\t\t\t<\/div>\n\t\t<\/div>\n\t\t\t\t\t<\/div>\n\t\t<\/section>\n\t\t\t\t<section class=\"elementor-section elementor-inner-section elementor-element elementor-element-618e626 elementor-section-boxed elementor-section-height-default elementor-section-height-default\" data-id=\"618e626\" data-element_type=\"section\">\n\t\t\t\t\t\t<div class=\"elementor-container elementor-column-gap-default\">\n\t\t\t\t\t<div class=\"elementor-column elementor-col-100 elementor-inner-column elementor-element elementor-element-55c0d23\" data-id=\"55c0d23\" data-element_type=\"column\">\n\t\t\t<div class=\"elementor-widget-wrap elementor-element-populated\">\n\t\t\t\t\t\t<div class=\"elementor-element elementor-element-ae17813 elementor-widget elementor-widget-text-editor\" data-id=\"ae17813\" data-element_type=\"widget\" data-widget_type=\"text-editor.default\">\n\t\t\t\t<div class=\"elementor-widget-container\">\n\t\t\t\t\t\t\t\t\t<p>Cabinet \u00e0 taille humaine, nous sommes reconnus pour notre \u00e9coute, notre proximit\u00e9 et notre ancrage territorial. L\u2019humain est au centre de nos pr\u00e9occupations.<\/p>\n<p>Nous restons persuad\u00e9s que le service est une priorit\u00e9 dans ce secteur. Que vous soyez particuliers ou professionnels, nous vous accompagnons et vous conseillons sur des solutions qui soient uniquement les v\u00f4tres avec un conseiller sp\u00e9cialis\u00e9 et d\u00e9di\u00e9 \u00e0 vos contrats.<\/p>\n<p>Le cabinet COATES, s\u2019inscrit dans une d\u00e9marche RSE. Les enjeux environnementaux et sociaux sont au c\u0153ur de nos pr\u00e9occupations.<\/p>\n<p><strong>Tous nos process sont simplifi\u00e9s. Concentrez-vous uniquement sur vos priorit\u00e9s, nous nous occupons du reste.<\/strong><\/p>\n\t\t\t\t\t\t\t\t<\/div>\n\t\t\t\t<\/div>\n\t\t\t\t\t<\/div>\n\t\t<\/div>\n\t\t\t\t\t<\/div>\n\t\t<\/section>\n\t\t\t\t\t<\/div>\n\t\t<\/div>\n\t\t\t\t\t<\/div>\n\t\t<\/section>\n\t\t\t\t<section class=\"elementor-section elementor-top-section elementor-element elementor-element-5e89f87 elementor-section-stretched elementor-section-boxed elementor-section-height-default elementor-section-height-default\" data-id=\"5e89f87\" data-element_type=\"section\" data-settings=\"{&quot;stretch_section&quot;:&quot;section-stretched&quot;}\">\n\t\t\t\t\t\t\t<div class=\"elementor-background-overlay\"><\/div>\n\t\t\t\t\t\t\t<div class=\"elementor-container elementor-column-gap-default\">\n\t\t\t\t\t<div class=\"elementor-column elementor-col-16 elementor-top-column elementor-element elementor-element-483c7d6\" data-id=\"483c7d6\" data-element_type=\"column\">\n\t\t\t<div class=\"elementor-widget-wrap\">\n\t\t\t\t\t\t\t<\/div>\n\t\t<\/div>\n\t\t\t\t<div class=\"elementor-column elementor-col-66 elementor-top-column elementor-element elementor-element-95d3590\" data-id=\"95d3590\" data-element_type=\"column\">\n\t\t\t<div class=\"elementor-widget-wrap elementor-element-populated\">\n\t\t\t\t\t\t<div class=\"elementor-element elementor-element-8099a6b elementor-widget elementor-widget-stm_spacing\" data-id=\"8099a6b\" data-element_type=\"widget\" data-widget_type=\"stm_spacing.default\">\n\t\t\t\t<div class=\"elementor-widget-container\">\n\t\t\t\t\t<div class=\"stm-spacing\" id=\"stm-spacing-69fdc47248a17\"><\/div>\n<script>\n    (function($){\n        \"use strict\";\n        var spacingID = 'stm-spacing-69fdc47248a17',\n            lgSpacing = '60',\n            mdSpacing = '60',\n            smSpacing = '60',\n            xsSpacing = '60';\n\n        function stmSpacing() {\n            if ( window.matchMedia(\"(min-width: 1200px)\").matches && lgSpacing ) {\n                $( '#' + spacingID ).css ( \"height\", lgSpacing );\n            } else if ( window.matchMedia(\"(max-width: 1199px) and (min-width: 992px )\").matches && mdSpacing ) {\n                $( '#' + spacingID ).css ( \"height\", mdSpacing );\n            } else if ( window.matchMedia(\"(max-width: 991px) and (min-width: 768px )\").matches && smSpacing ) {\n                $( '#' + spacingID ).css ( \"height\", smSpacing );\n            } else if ( window.matchMedia(\"(max-width: 767px)\").matches && xsSpacing ) {\n                $( '#' + spacingID ).css ( \"height\", xsSpacing );\n            } else {\n                $( '#' + spacingID ).css ( \"height\", \"\" );\n            }\n        }\n\n        $(document).ready(function() {\n            stmSpacing();\n        });\n\n        $(window).resize(function() {\n            stmSpacing();\n        });\n\n    })(jQuery);\n<\/script>\t\t\t\t<\/div>\n\t\t\t\t<\/div>\n\t\t\t\t<div class=\"elementor-element elementor-element-63ddb4e elementor-widget elementor-widget-vc_custom_heading\" data-id=\"63ddb4e\" data-element_type=\"widget\" data-widget_type=\"vc_custom_heading.default\">\n\t\t\t\t<div class=\"elementor-widget-container\">\n\t\t\t\t\t<div class=\" vc_custom_heading  consulting_heading_font  text_align_center title_no_stripe\" ><h2 style=\"text-align: center;font-weight:700\" class=\"consulting-custom-title\"> Contactez-nous aujourd'hui,<br \/>nous vous rappelons sous 24h \n<\/h2><\/div>\t\t\t\t<\/div>\n\t\t\t\t<\/div>\n\t\t\t\t<div class=\"elementor-element elementor-element-11d783e elementor-align-center elementor-widget elementor-widget-button\" data-id=\"11d783e\" data-element_type=\"widget\" data-widget_type=\"button.default\">\n\t\t\t\t<div class=\"elementor-widget-container\">\n\t\t\t\t\t\t\t\t\t<div class=\"elementor-button-wrapper icon_align_  \">\n\t\t\t\t\t<a class=\"elementor-button elementor-button-link elementor-size-lg\" href=\"\/contactez-nous\/\">\n\t\t\t\t\t\t<span class=\"elementor-button-content-wrapper\">\n\t\t\t\t\t\t\t\t\t<span class=\"elementor-button-text\">Contactez-nous<\/span>\n\t\t\t\t\t<\/span>\n\t\t\t\t\t<\/a>\n\t\t\t\t<\/div>\n\t\t\t\t\t\t\t\t<\/div>\n\t\t\t\t<\/div>\n\t\t\t\t<div class=\"elementor-element elementor-element-89a95df elementor-widget elementor-widget-stm_spacing\" data-id=\"89a95df\" data-element_type=\"widget\" data-widget_type=\"stm_spacing.default\">\n\t\t\t\t<div class=\"elementor-widget-container\">\n\t\t\t\t\t<div class=\"stm-spacing\" id=\"stm-spacing-69fdc47249dd2\"><\/div>\n<script>\n    (function($){\n        \"use strict\";\n        var spacingID = 'stm-spacing-69fdc47249dd2',\n            lgSpacing = '50',\n            mdSpacing = '50',\n            smSpacing = '50',\n            xsSpacing = '50';\n\n        function stmSpacing() {\n            if ( window.matchMedia(\"(min-width: 1200px)\").matches && lgSpacing ) {\n                $( '#' + spacingID ).css ( \"height\", lgSpacing );\n            } else if ( window.matchMedia(\"(max-width: 1199px) and (min-width: 992px )\").matches && mdSpacing ) {\n                $( '#' + spacingID ).css ( \"height\", mdSpacing );\n            } else if ( window.matchMedia(\"(max-width: 991px) and (min-width: 768px )\").matches && smSpacing ) {\n                $( '#' + spacingID ).css ( \"height\", smSpacing );\n            } else if ( window.matchMedia(\"(max-width: 767px)\").matches && xsSpacing ) {\n                $( '#' + spacingID ).css ( \"height\", xsSpacing );\n            } else {\n                $( '#' + spacingID ).css ( \"height\", \"\" );\n            }\n        }\n\n        $(document).ready(function() {\n            stmSpacing();\n        });\n\n        $(window).resize(function() {\n            stmSpacing();\n        });\n\n    })(jQuery);\n<\/script>\t\t\t\t<\/div>\n\t\t\t\t<\/div>\n\t\t\t\t\t<\/div>\n\t\t<\/div>\n\t\t\t\t<div class=\"elementor-column elementor-col-16 elementor-top-column elementor-element elementor-element-53e2899\" data-id=\"53e2899\" data-element_type=\"column\">\n\t\t\t<div class=\"elementor-widget-wrap\">\n\t\t\t\t\t\t\t<\/div>\n\t\t<\/div>\n\t\t\t\t\t<\/div>\n\t\t<\/section>\n\t\t\t\t<\/div>\n\t\t","protected":false},"excerpt":{"rendered":"<p>Energies renouvelables Energies renouvelables Avoir un impact durable et b\u00e9n\u00e9fique pour tous Chez COATES ASSURANCES, les \u00e9nergies renouvelables, c\u2019est un sujet majeur. Les nouvelles \u00e9nergies jouent un r\u00f4le essentiel dans notre syst\u00e8me \u00e9conomique et notre progr\u00e8s. Depuis de nombreuses ann\u00e9es, COATES ASSURANCES soutient ce secteur en perp\u00e9tuelle \u00e9volution en mettant en place des solutions novatrices<\/p>\n","protected":false},"author":1,"featured_media":0,"parent":0,"menu_order":0,"comment_status":"closed","ping_status":"closed","template":"","meta":{"footnotes":""},"class_list":["post-12866","page","type-page","status-publish","hentry"],"_links":{"self":[{"href":"https:\/\/pepapps.com\/coates\/wp-json\/wp\/v2\/pages\/12866","targetHints":{"allow":["GET"]}}],"collection":[{"href":"https:\/\/pepapps.com\/coates\/wp-json\/wp\/v2\/pages"}],"about":[{"href":"https:\/\/pepapps.com\/coates\/wp-json\/wp\/v2\/types\/page"}],"author":[{"embeddable":true,"href":"https:\/\/pepapps.com\/coates\/wp-json\/wp\/v2\/users\/1"}],"replies":[{"embeddable":true,"href":"https:\/\/pepapps.com\/coates\/wp-json\/wp\/v2\/comments?post=12866"}],"version-history":[{"count":19,"href":"https:\/\/pepapps.com\/coates\/wp-json\/wp\/v2\/pages\/12866\/revisions"}],"predecessor-version":[{"id":13060,"href":"https:\/\/pepapps.com\/coates\/wp-json\/wp\/v2\/pages\/12866\/revisions\/13060"}],"wp:attachment":[{"href":"https:\/\/pepapps.com\/coates\/wp-json\/wp\/v2\/media?parent=12866"}],"curies":[{"name":"wp","href":"https:\/\/api.w.org\/{rel}","templated":true}]}}