{"id":12872,"date":"2024-05-26T13:09:54","date_gmt":"2024-05-26T11:09:54","guid":{"rendered":"https:\/\/pepapps.com\/coates\/?page_id=12872"},"modified":"2025-01-12T12:08:59","modified_gmt":"2025-01-12T11:08:59","slug":"marchandises-transportees","status":"publish","type":"page","link":"https:\/\/pepapps.com\/coates\/marchandises-transportees\/","title":{"rendered":"Marchandises transport\u00e9es"},"content":{"rendered":"\t\t<div data-elementor-type=\"wp-page\" data-elementor-id=\"12872\" class=\"elementor elementor-12872\" data-elementor-post-type=\"page\">\n\t\t\t\t\t\t<section class=\"elementor-section elementor-top-section elementor-element elementor-element-7bc5e14 elementor-section-height-min-height elementor-section-boxed elementor-section-height-default elementor-section-items-middle\" data-id=\"7bc5e14\" data-element_type=\"section\" data-settings=\"{&quot;background_background&quot;:&quot;classic&quot;}\">\n\t\t\t\t\t\t\t<div class=\"elementor-background-overlay\"><\/div>\n\t\t\t\t\t\t\t<div class=\"elementor-container elementor-column-gap-default\">\n\t\t\t\t\t<div class=\"elementor-column elementor-col-100 elementor-top-column elementor-element elementor-element-7d19202\" data-id=\"7d19202\" data-element_type=\"column\">\n\t\t\t<div class=\"elementor-widget-wrap elementor-element-populated\">\n\t\t\t\t\t\t<div class=\"elementor-element elementor-element-6567a6c elementor-widget elementor-widget-vc_custom_heading\" data-id=\"6567a6c\" data-element_type=\"widget\" data-widget_type=\"vc_custom_heading.default\">\n\t\t\t\t<div class=\"elementor-widget-container\">\n\t\t\t\t\t<div class=\" vc_custom_heading  consulting_heading_font  text_align_center\" ><h1 style=\"color: #FFFFFF;text-align: center\" class=\"consulting-custom-title\">Marchandises transport\u00e9es<\/h1><\/div>\t\t\t\t<\/div>\n\t\t\t\t<\/div>\n\t\t\t\t\t<\/div>\n\t\t<\/div>\n\t\t\t\t\t<\/div>\n\t\t<\/section>\n\t\t\t\t<section class=\"elementor-section elementor-top-section elementor-element elementor-element-3556651 elementor-section-boxed elementor-section-height-default elementor-section-height-default\" data-id=\"3556651\" data-element_type=\"section\">\n\t\t\t\t\t\t<div class=\"elementor-container elementor-column-gap-default\">\n\t\t\t\t\t<div class=\"elementor-column elementor-col-100 elementor-top-column elementor-element elementor-element-b333fcf\" data-id=\"b333fcf\" data-element_type=\"column\">\n\t\t\t<div class=\"elementor-widget-wrap elementor-element-populated\">\n\t\t\t\t\t\t<section class=\"elementor-section elementor-inner-section elementor-element elementor-element-e1dc52c elementor-section-boxed elementor-section-height-default elementor-section-height-default\" data-id=\"e1dc52c\" data-element_type=\"section\">\n\t\t\t\t\t\t<div class=\"elementor-container elementor-column-gap-default\">\n\t\t\t\t\t<div class=\"elementor-column elementor-col-100 elementor-inner-column elementor-element elementor-element-d31b970\" data-id=\"d31b970\" data-element_type=\"column\">\n\t\t\t<div class=\"elementor-widget-wrap elementor-element-populated\">\n\t\t\t\t\t\t<div class=\"elementor-element elementor-element-5f1d50d elementor-widget elementor-widget-text-editor\" data-id=\"5f1d50d\" data-element_type=\"widget\" data-widget_type=\"text-editor.default\">\n\t\t\t\t<div class=\"elementor-widget-container\">\n\t\t\t\t\t\t\t\t\t<p>Assurance des Marchandises Transport\u00e9es :<\/p>\n\t\t\t\t\t\t\t\t<\/div>\n\t\t\t\t<\/div>\n\t\t\t\t<div class=\"elementor-element elementor-element-e75844d elementor-widget elementor-widget-image\" data-id=\"e75844d\" data-element_type=\"widget\" data-widget_type=\"image.default\">\n\t\t\t\t<div class=\"elementor-widget-container\">\n\t\t\t\t\t\t\t\t\t\t\t\t\t\t\t<img decoding=\"async\" width=\"1024\" height=\"7\" src=\"https:\/\/pepapps.com\/coates\/wp-content\/uploads\/2023\/12\/separateur-1024x7.jpg\" class=\"attachment-large size-large wp-image-11858\" alt=\"\" srcset=\"https:\/\/pepapps.com\/coates\/wp-content\/uploads\/2023\/12\/separateur-1024x7.jpg 1024w, https:\/\/pepapps.com\/coates\/wp-content\/uploads\/2023\/12\/separateur-300x2.jpg 300w, https:\/\/pepapps.com\/coates\/wp-content\/uploads\/2023\/12\/separateur-768x5.jpg 768w, https:\/\/pepapps.com\/coates\/wp-content\/uploads\/2023\/12\/separateur-1536x10.jpg 1536w, https:\/\/pepapps.com\/coates\/wp-content\/uploads\/2023\/12\/separateur-900x6.jpg 900w, https:\/\/pepapps.com\/coates\/wp-content\/uploads\/2023\/12\/separateur.jpg 1785w\" sizes=\"(max-width: 1024px) 100vw, 1024px\" \/>\t\t\t\t\t\t\t\t\t\t\t\t\t\t\t<\/div>\n\t\t\t\t<\/div>\n\t\t\t\t<div class=\"elementor-element elementor-element-9c720c4 elementor-widget elementor-widget-text-editor\" data-id=\"9c720c4\" data-element_type=\"widget\" data-widget_type=\"text-editor.default\">\n\t\t\t\t<div class=\"elementor-widget-container\">\n\t\t\t\t\t\t\t\t\t<p>s\u00e9curiser vos biens en transit<\/p>\n\t\t\t\t\t\t\t\t<\/div>\n\t\t\t\t<\/div>\n\t\t\t\t\t<\/div>\n\t\t<\/div>\n\t\t\t\t\t<\/div>\n\t\t<\/section>\n\t\t\t\t<section class=\"elementor-section elementor-inner-section elementor-element elementor-element-154d7ed elementor-section-boxed elementor-section-height-default elementor-section-height-default\" data-id=\"154d7ed\" data-element_type=\"section\">\n\t\t\t\t\t\t<div class=\"elementor-container elementor-column-gap-default\">\n\t\t\t\t\t<div class=\"elementor-column elementor-col-100 elementor-inner-column elementor-element elementor-element-79c8d5e\" data-id=\"79c8d5e\" data-element_type=\"column\">\n\t\t\t<div class=\"elementor-widget-wrap elementor-element-populated\">\n\t\t\t\t\t\t<div class=\"elementor-element elementor-element-be2177a elementor-widget elementor-widget-text-editor\" data-id=\"be2177a\" data-element_type=\"widget\" data-widget_type=\"text-editor.default\">\n\t\t\t\t<div class=\"elementor-widget-container\">\n\t\t\t\t\t\t\t\t\t<p><strong>L\u2019assurance des marchandises transport\u00e9es<\/strong> est une solution indispensable pour prot\u00e9ger les entreprises contre les risques de perte ou de dommage de leurs biens lors de leur acheminement. Que vos marchandises soient transport\u00e9es par route, mer, air ou rail, cette couverture assure la s\u00e9curit\u00e9 financi\u00e8re de votre activit\u00e9 face aux impr\u00e9vus du transit.<\/p>\n\t\t\t\t\t\t\t\t<\/div>\n\t\t\t\t<\/div>\n\t\t\t\t<div class=\"elementor-element elementor-element-1e23c1b elementor-widget elementor-widget-text-editor\" data-id=\"1e23c1b\" data-element_type=\"widget\" data-widget_type=\"text-editor.default\">\n\t\t\t\t<div class=\"elementor-widget-container\">\n\t\t\t\t\t\t\t\t\t<p><strong>Pourquoi souscrire une assurance des marchandises transport\u00e9es ?<\/strong><\/p>\n\t\t\t\t\t\t\t\t<\/div>\n\t\t\t\t<\/div>\n\t\t\t\t<div class=\"elementor-element elementor-element-c3aa30c elementor-widget elementor-widget-text-editor\" data-id=\"c3aa30c\" data-element_type=\"widget\" data-widget_type=\"text-editor.default\">\n\t\t\t\t<div class=\"elementor-widget-container\">\n\t\t\t\t\t\t\t\t\t<p><strong>1. Prot\u00e9ger contre les pertes et les dommages impr\u00e9vus<\/strong><\/p>\n<p>Les marchandises transport\u00e9es sont expos\u00e9es \u00e0 divers risques durant leur transit, tels que :<\/p>\n<ul>\n<li>Les accidents de transport (accidents de la route, collisions maritimes ou a\u00e9riens) ;<\/li>\n<li>Le vol ou le vandalisme pendant le transport ;<\/li>\n<li>Les avaries li\u00e9es aux conditions climatiques extr\u00eames (temp\u00eates, inondations, etc.).<\/li>\n<\/ul>\n<p>L\u2019assurance des marchandises prend en charge ces risques, garantissant la couverture des pertes ou des dommages, quel que soit le mode de transport (routier, maritime, a\u00e9rien, ferroviaire).<\/p>\n\t\t\t\t\t\t\t\t<\/div>\n\t\t\t\t<\/div>\n\t\t\t\t<div class=\"elementor-element elementor-element-70066f5 elementor-widget elementor-widget-text-editor\" data-id=\"70066f5\" data-element_type=\"widget\" data-widget_type=\"text-editor.default\">\n\t\t\t\t<div class=\"elementor-widget-container\">\n\t\t\t\t\t\t\t\t\t<p><strong>2. Minimiser l&#8217;impact financier des sinistres<\/strong><\/p>\n<p>En cas de sinistre, les co\u00fbts li\u00e9s \u00e0 la perte ou au dommage des marchandises peuvent \u00eatre consid\u00e9rables.<\/p>\n<p>L\u2019assurance permet de :<\/p>\n<ul>\n<li>Limiter les pertes financi\u00e8res en cas d&#8217;incident ;<\/li>\n<li>Couvrir les co\u00fbts de r\u00e9cup\u00e9ration des biens et de r\u00e9paration si n\u00e9cessaire.<\/li>\n<\/ul>\n<p>Cela \u00e9vite aux entreprises de supporter seules des charges impr\u00e9vues, parfois lourdes, qui pourraient affecter leur tr\u00e9sorerie et leur rentabilit\u00e9.<\/p>\n\t\t\t\t\t\t\t\t<\/div>\n\t\t\t\t<\/div>\n\t\t\t\t<div class=\"elementor-element elementor-element-a2e0782 elementor-widget elementor-widget-text-editor\" data-id=\"a2e0782\" data-element_type=\"widget\" data-widget_type=\"text-editor.default\">\n\t\t\t\t<div class=\"elementor-widget-container\">\n\t\t\t\t\t\t\t\t\t<p><strong>3. Rassurer les clients et partenaires commerciaux<\/strong><\/p>\n<p>Souscrire une assurance des marchandises transport\u00e9es t\u00e9moigne de votre professionnalisme et de votre volont\u00e9 de prot\u00e9ger les biens de vos clients.<\/p>\n<p>Cela contribue \u00e0 :<\/p>\n<ul>\n<li>Renforcer la confiance des clients dans votre entreprise ;<\/li>\n<li>Offrir une s\u00e9curit\u00e9 suppl\u00e9mentaire aux partenaires commerciaux, qui savent que leurs<br \/>marchandises sont prot\u00e9g\u00e9es pendant le transit.<\/li>\n<\/ul>\n\t\t\t\t\t\t\t\t<\/div>\n\t\t\t\t<\/div>\n\t\t\t\t<div class=\"elementor-element elementor-element-5658370 elementor-widget elementor-widget-text-editor\" data-id=\"5658370\" data-element_type=\"widget\" data-widget_type=\"text-editor.default\">\n\t\t\t\t<div class=\"elementor-widget-container\">\n\t\t\t\t\t\t\t\t\t<p><strong>4. Couverture internationale<\/strong><\/p>\n<p>L\u2019assurance des marchandises transport\u00e9es s\u2019adapte \u00e9galement aux besoins des entreprises op\u00e9rant \u00e0 l\u2019international. Elle garantit une couverture pendant le transport, quelle que soit la distance parcourue ou les zones g\u00e9ographiques concern\u00e9es.<\/p>\n<p>En r\u00e9sum\u00e9, souscrire une <strong>assurance des marchandises transport\u00e9es<\/strong> permet de prot\u00e9ger vos biens, de s\u00e9curiser vos activit\u00e9s commerciales et de rassurer vos clients et partenaires, tout en r\u00e9duisant les risques financiers li\u00e9s aux al\u00e9as du transport.<\/p>\n\t\t\t\t\t\t\t\t<\/div>\n\t\t\t\t<\/div>\n\t\t\t\t\t<\/div>\n\t\t<\/div>\n\t\t\t\t\t<\/div>\n\t\t<\/section>\n\t\t\t\t\t<\/div>\n\t\t<\/div>\n\t\t\t\t\t<\/div>\n\t\t<\/section>\n\t\t\t\t<section class=\"elementor-section elementor-top-section elementor-element elementor-element-2689cd0 elementor-section-stretched elementor-section-boxed elementor-section-height-default elementor-section-height-default\" data-id=\"2689cd0\" data-element_type=\"section\" data-settings=\"{&quot;stretch_section&quot;:&quot;section-stretched&quot;}\">\n\t\t\t\t\t\t\t<div class=\"elementor-background-overlay\"><\/div>\n\t\t\t\t\t\t\t<div class=\"elementor-container elementor-column-gap-default\">\n\t\t\t\t\t<div class=\"elementor-column elementor-col-16 elementor-top-column elementor-element elementor-element-891d3b5\" data-id=\"891d3b5\" data-element_type=\"column\">\n\t\t\t<div class=\"elementor-widget-wrap\">\n\t\t\t\t\t\t\t<\/div>\n\t\t<\/div>\n\t\t\t\t<div class=\"elementor-column elementor-col-66 elementor-top-column elementor-element elementor-element-9d93b26\" data-id=\"9d93b26\" data-element_type=\"column\">\n\t\t\t<div class=\"elementor-widget-wrap elementor-element-populated\">\n\t\t\t\t\t\t<div class=\"elementor-element elementor-element-b21d994 elementor-widget elementor-widget-stm_spacing\" data-id=\"b21d994\" data-element_type=\"widget\" data-widget_type=\"stm_spacing.default\">\n\t\t\t\t<div class=\"elementor-widget-container\">\n\t\t\t\t\t<div class=\"stm-spacing\" id=\"stm-spacing-69fdc5bf681a7\"><\/div>\n<script>\n    (function($){\n        \"use strict\";\n        var spacingID = 'stm-spacing-69fdc5bf681a7',\n            lgSpacing = '60',\n            mdSpacing = '60',\n            smSpacing = '60',\n            xsSpacing = '60';\n\n        function stmSpacing() {\n            if ( window.matchMedia(\"(min-width: 1200px)\").matches && lgSpacing ) {\n                $( '#' + spacingID ).css ( \"height\", lgSpacing );\n            } else if ( window.matchMedia(\"(max-width: 1199px) and (min-width: 992px )\").matches && mdSpacing ) {\n                $( '#' + spacingID ).css ( \"height\", mdSpacing );\n            } else if ( window.matchMedia(\"(max-width: 991px) and (min-width: 768px )\").matches && smSpacing ) {\n                $( '#' + spacingID ).css ( \"height\", smSpacing );\n            } else if ( window.matchMedia(\"(max-width: 767px)\").matches && xsSpacing ) {\n                $( '#' + spacingID ).css ( \"height\", xsSpacing );\n            } else {\n                $( '#' + spacingID ).css ( \"height\", \"\" );\n            }\n        }\n\n        $(document).ready(function() {\n            stmSpacing();\n        });\n\n        $(window).resize(function() {\n            stmSpacing();\n        });\n\n    })(jQuery);\n<\/script>\t\t\t\t<\/div>\n\t\t\t\t<\/div>\n\t\t\t\t<div class=\"elementor-element elementor-element-68a1368 elementor-widget elementor-widget-vc_custom_heading\" data-id=\"68a1368\" data-element_type=\"widget\" data-widget_type=\"vc_custom_heading.default\">\n\t\t\t\t<div class=\"elementor-widget-container\">\n\t\t\t\t\t<div class=\" vc_custom_heading  consulting_heading_font  text_align_center title_no_stripe\" ><h2 style=\"text-align: center;font-weight:700\" class=\"consulting-custom-title\"> Contactez-nous aujourd'hui,<br \/>nous vous rappelons sous 24h \n<\/h2><\/div>\t\t\t\t<\/div>\n\t\t\t\t<\/div>\n\t\t\t\t<div class=\"elementor-element elementor-element-39d295c elementor-align-center elementor-widget elementor-widget-button\" data-id=\"39d295c\" data-element_type=\"widget\" data-widget_type=\"button.default\">\n\t\t\t\t<div class=\"elementor-widget-container\">\n\t\t\t\t\t\t\t\t\t<div class=\"elementor-button-wrapper icon_align_  \">\n\t\t\t\t\t<a class=\"elementor-button elementor-button-link elementor-size-lg\" href=\"\/contactez-nous\/\">\n\t\t\t\t\t\t<span class=\"elementor-button-content-wrapper\">\n\t\t\t\t\t\t\t\t\t<span class=\"elementor-button-text\">Contactez-nous<\/span>\n\t\t\t\t\t<\/span>\n\t\t\t\t\t<\/a>\n\t\t\t\t<\/div>\n\t\t\t\t\t\t\t\t<\/div>\n\t\t\t\t<\/div>\n\t\t\t\t<div class=\"elementor-element elementor-element-927afb8 elementor-widget elementor-widget-stm_spacing\" data-id=\"927afb8\" data-element_type=\"widget\" data-widget_type=\"stm_spacing.default\">\n\t\t\t\t<div class=\"elementor-widget-container\">\n\t\t\t\t\t<div class=\"stm-spacing\" id=\"stm-spacing-69fdc5bf6956b\"><\/div>\n<script>\n    (function($){\n        \"use strict\";\n        var spacingID = 'stm-spacing-69fdc5bf6956b',\n            lgSpacing = '50',\n            mdSpacing = '50',\n            smSpacing = '50',\n            xsSpacing = '50';\n\n        function stmSpacing() {\n            if ( window.matchMedia(\"(min-width: 1200px)\").matches && lgSpacing ) {\n                $( '#' + spacingID ).css ( \"height\", lgSpacing );\n            } else if ( window.matchMedia(\"(max-width: 1199px) and (min-width: 992px )\").matches && mdSpacing ) {\n                $( '#' + spacingID ).css ( \"height\", mdSpacing );\n            } else if ( window.matchMedia(\"(max-width: 991px) and (min-width: 768px )\").matches && smSpacing ) {\n                $( '#' + spacingID ).css ( \"height\", smSpacing );\n            } else if ( window.matchMedia(\"(max-width: 767px)\").matches && xsSpacing ) {\n                $( '#' + spacingID ).css ( \"height\", xsSpacing );\n            } else {\n                $( '#' + spacingID ).css ( \"height\", \"\" );\n            }\n        }\n\n        $(document).ready(function() {\n            stmSpacing();\n        });\n\n        $(window).resize(function() {\n            stmSpacing();\n        });\n\n    })(jQuery);\n<\/script>\t\t\t\t<\/div>\n\t\t\t\t<\/div>\n\t\t\t\t\t<\/div>\n\t\t<\/div>\n\t\t\t\t<div class=\"elementor-column elementor-col-16 elementor-top-column elementor-element elementor-element-5e2cefe\" data-id=\"5e2cefe\" data-element_type=\"column\">\n\t\t\t<div class=\"elementor-widget-wrap\">\n\t\t\t\t\t\t\t<\/div>\n\t\t<\/div>\n\t\t\t\t\t<\/div>\n\t\t<\/section>\n\t\t\t\t<\/div>\n\t\t","protected":false},"excerpt":{"rendered":"<p>Marchandises transport\u00e9es Assurance des Marchandises Transport\u00e9es : s\u00e9curiser vos biens en transit L\u2019assurance des marchandises transport\u00e9es est une solution indispensable pour prot\u00e9ger les entreprises contre les risques de perte ou de dommage de leurs biens lors de leur acheminement. Que vos marchandises soient transport\u00e9es par route, mer, air ou rail, cette couverture assure la s\u00e9curit\u00e9<\/p>\n","protected":false},"author":1,"featured_media":0,"parent":0,"menu_order":0,"comment_status":"closed","ping_status":"closed","template":"","meta":{"footnotes":""},"class_list":["post-12872","page","type-page","status-publish","hentry"],"_links":{"self":[{"href":"https:\/\/pepapps.com\/coates\/wp-json\/wp\/v2\/pages\/12872","targetHints":{"allow":["GET"]}}],"collection":[{"href":"https:\/\/pepapps.com\/coates\/wp-json\/wp\/v2\/pages"}],"about":[{"href":"https:\/\/pepapps.com\/coates\/wp-json\/wp\/v2\/types\/page"}],"author":[{"embeddable":true,"href":"https:\/\/pepapps.com\/coates\/wp-json\/wp\/v2\/users\/1"}],"replies":[{"embeddable":true,"href":"https:\/\/pepapps.com\/coates\/wp-json\/wp\/v2\/comments?post=12872"}],"version-history":[{"count":16,"href":"https:\/\/pepapps.com\/coates\/wp-json\/wp\/v2\/pages\/12872\/revisions"}],"predecessor-version":[{"id":13053,"href":"https:\/\/pepapps.com\/coates\/wp-json\/wp\/v2\/pages\/12872\/revisions\/13053"}],"wp:attachment":[{"href":"https:\/\/pepapps.com\/coates\/wp-json\/wp\/v2\/media?parent=12872"}],"curies":[{"name":"wp","href":"https:\/\/api.w.org\/{rel}","templated":true}]}}