{"id":3,"date":"2023-12-03T11:29:13","date_gmt":"2023-12-03T10:29:13","guid":{"rendered":"https:\/\/pepapps.com\/?page_id=3"},"modified":"2025-03-20T12:49:50","modified_gmt":"2025-03-20T11:49:50","slug":"mentions-legales","status":"publish","type":"page","link":"https:\/\/pepapps.com\/coates\/mentions-legales\/","title":{"rendered":"Mentions l\u00e9gales"},"content":{"rendered":"\n<h2 class=\"wp-block-heading\">COATES ASSURANCES<\/h2>\n\n\n\n<p>Soci\u00e9t\u00e9 de courtage en Assurances sous le n\u00b0 ORIAS 07&nbsp;009 139 \u2013&nbsp;<a href=\"http:\/\/www.orias.fr\/\" rel=\"noreferrer noopener\" target=\"_blank\">www.orias.fr<\/a>&nbsp;&#8211; SARL au Capital de 600 000 \u20ac &#8211; RCS Angoul\u00eame B 732 060&nbsp;181 &#8211; 41 bd Denfert-Rochereau&nbsp; 16100 COGNAC \u2013 SIRET 732&nbsp;060&nbsp;181 00045<\/p>\n\n\n\n<p>Garantie Financi\u00e8re et Assurance Responsabilit\u00e9 Civile Professionnelle conforme au Code des Assurances.<\/p>\n\n\n\n<p>Soumis \u00e0 l&#8217;ACPR &#8211; 4 place de Budapest CS 925459 75436 PARIS cedex 9. Pour toute r\u00e9clamation, contacter le cabinet par mail&nbsp;:<a href=\"mailto:reclamation@louvetcoates.fr\" rel=\"noreferrer noopener\" target=\"_blank\"><em>reclamation@louvetcoates.fr<\/em><\/a><\/p>\n\n\n\n<h2 class=\"wp-block-heading\">Protections des donn\u00e9es \u00e0 caract\u00e8re personnel<\/h2>\n\n\n\n<p>Accordant une grande importance au respect de la vie priv\u00e9e de ses clients (ci-apr\u00e8s \u00ab vous \u00bb), notre cabinet SARL Coates Assurances, vous informe de la fa\u00e7on la plus transparente possible des traitements mis en \u0153uvre dans le cadre de l&#8217;utilisation des donn\u00e9es personnelles que vous nous confi\u00e9es.<\/p>\n\n\n\n<p>Le pr\u00e9sent document a pour but de r\u00e9pondre \u00e0 la r\u00e9glementation en vigueur et notamment au R\u00e8glement (UE) 2016\/679 du Parlement Europ\u00e9en et du Conseil du 27 avril 2016 relatif \u00e0 la protection des personnes physiques \u00e0 l&#8217;\u00e9gard du traitement des donn\u00e9es \u00e0 caract\u00e8re personnel et \u00e0 la libre circulation de ces donn\u00e9es (RGPD), et abrogeant la directive 95\/46\/CE.<\/p>\n\n\n\n<p>Ainsi, dans le cadre de nos relations professionnelles, nous sommes amen\u00e9s \u00e0 collecter, traiter et d\u00e9tenir des informations vous concernant :<\/p>\n\n\n\n<ul class=\"wp-block-list\">\n<li>sur des bases l\u00e9gales diff\u00e9rentes (votre consentement, la n\u00e9cessit\u00e9 contractuelle, le respect d&#8217;une obligation l\u00e9gale et\/ou encore l&#8217;int\u00e9r\u00eat l\u00e9gitime du Responsable du traitement).<\/li>\n\n\n\n<li>conform\u00e9ment aux finalit\u00e9s d\u00e9finies ensembles.<\/li>\n<\/ul>\n\n\n\n<p>Les donn\u00e9es collect\u00e9es seront conserv\u00e9es pendant toute la dur\u00e9e de nos relations contractuelles et ensuite en archive pendant un d\u00e9lai de cinq (5) ans, \u00e0 d\u00e9faut des d\u00e9lais plus courts ou plus longs sp\u00e9cialement pr\u00e9vus notamment en cas de litige.<\/p>\n\n\n\n<p>Mme Val\u00e9rie ROUSSEAU agit en qualit\u00e9 de responsable de traitement au sens des dispositions du r\u00e8glement g\u00e9n\u00e9ral sur la protection des donn\u00e9es personnelles (RGPD).<\/p>\n\n\n\n<p>Vous b\u00e9n\u00e9ficiez d&#8217;un droit d&#8217;acc\u00e8s, de rectification, de suppression, de portabilit\u00e9, de limitation, d&#8217;opposition, de d\u00e9finition des directives relatives au sort de vos donn\u00e9es \u00e0 caract\u00e8re personnel apr\u00e8s votre mort suite \u00e0 une demande adress\u00e9e :<\/p>\n\n\n\n<ul class=\"wp-block-list\">\n<li>par voie postale \u00e0 l&#8217;adresse :<br>SARL Coates Assurances \u2013 41 Boulevard Denfert Rochereau \u2013 16100 Cognac<\/li>\n\n\n\n<li>ou \u00e9lectronique \u00e0\u00a0<a href=\"mailto:contact@louvetcoates.fr\" target=\"_blank\" rel=\"noreferrer noopener\">contact@louvetcoates.fr<\/a><\/li>\n<\/ul>\n\n\n\n<p>Vos demandes seront prises en compte dans un d\u00e9lai maximum d&#8217;un mois. Les donn\u00e9es \u00e0 caract\u00e8re personnel qui vous seront communiqu\u00e9es dans le cadre de l&#8217;exercice de votre droit d&#8217;acc\u00e8s le seront \u00e0 titre personnel et confidentiel. A ce titre, pour que votre demande d&#8217;acc\u00e8s soit prise en compte, vous devrez faire par venir les \u00e9l\u00e9ments n\u00e9cessaires \u00e0 votre identification \u00e0 savoir, une attestation \u00e9crite sur l&#8217;honneur par laquelle vous certifiez \u00eatre le titulaire des dites donn\u00e9es \u00e0 caract\u00e8re personnel ainsi qu&#8217;une photocopie d&#8217;une pi\u00e8ce d&#8217;identit\u00e9.<\/p>\n\n\n\n<p>Vous disposez par ailleurs en cas de non-respect par la SARL Coates Assurances \u00e0 ses obligations au titre de la l\u00e9gislation\/r\u00e9glementation en vigueur, du droit d&#8217;introduire une r\u00e9clamation aupr\u00e8s de la commission nationale de l&#8217;informatique et des libert\u00e9s (CNIL).<\/p>\n\n\n\n<h2 class=\"wp-block-heading\">Responsabilit\u00e9 \u00e9ditoriale<\/h2>\n\n\n\n<p>Le directeur de publication du site est Mr Amaury Louvet. L&#8217;\u00e9diteur du site&nbsp;<a href=\"https:\/\/www.coates.fr\/est\" rel=\"noreferrer noopener\" target=\"_blank\">https:\/\/www.coates.fr\/est<\/a>&nbsp;la soci\u00e9t\u00e9 Coates Assurances (41 Boulevard Denfert Rochereau \u2013 16100 Cognac).<\/p>\n\n\n\n<p>Le Site est h\u00e9berg\u00e9 par la soci\u00e9t\u00e9 OVH, SAS au capital de 10 000 000 \u20ac \u2013 RCS Roubaix-Tourcoing 424 761 419 00045 \u2013 Code APE 6202A<br>N\u00b0TVA FR 22-424-761-419-00045, 2 rue kellermann, BP 80157 \u2013 59053 ROUBAIX CEDEX 1 \u2013 France.<br>Hotline: 0 899 701 761<br>Email:&nbsp;<a href=\"mailto:support@ovh.com\" rel=\"noreferrer noopener\" target=\"_blank\"><strong>support@ovh.com<\/strong><\/a><\/p>\n\n\n\n<p>Les informations figurant dans ces pages ne sont assorties d&#8217;aucune garantie, expresse ou implicite, autre que celles r\u00e9sultant de dispositions l\u00e9gales. Les pages internet du site comprennent \u00e9galement des liens vers d&#8217;autres sites internet sur lesquels la SARL Coates Assurances n&#8217;a aucun contr\u00f4le.<br>Dans ces circonstances, nous ne garantissons pas l&#8217;exactitude, l&#8217;exhaustivit\u00e9 ou la qualit\u00e9 des informations qui y sont pr\u00e9sent\u00e9es.<br>En cons\u00e9quence, nous d\u00e9clinons toute responsabilit\u00e9 quant au contenu de ces pages.<\/p>\n","protected":false},"excerpt":{"rendered":"<p>COATES ASSURANCES Soci\u00e9t\u00e9 de courtage en Assurances sous le n\u00b0 ORIAS 07&nbsp;009 139 \u2013&nbsp;www.orias.fr&nbsp;&#8211; SARL au Capital de 600 000 \u20ac &#8211; RCS Angoul\u00eame B 732 060&nbsp;181 &#8211; 41 bd Denfert-Rochereau&nbsp; 16100 COGNAC \u2013 SIRET 732&nbsp;060&nbsp;181 00045 Garantie Financi\u00e8re et Assurance Responsabilit\u00e9 Civile Professionnelle conforme au Code des Assurances. Soumis \u00e0 l&#8217;ACPR &#8211; 4 place<\/p>\n","protected":false},"author":1,"featured_media":0,"parent":0,"menu_order":0,"comment_status":"closed","ping_status":"open","template":"","meta":{"footnotes":""},"class_list":["post-3","page","type-page","status-publish","hentry"],"_links":{"self":[{"href":"https:\/\/pepapps.com\/coates\/wp-json\/wp\/v2\/pages\/3","targetHints":{"allow":["GET"]}}],"collection":[{"href":"https:\/\/pepapps.com\/coates\/wp-json\/wp\/v2\/pages"}],"about":[{"href":"https:\/\/pepapps.com\/coates\/wp-json\/wp\/v2\/types\/page"}],"author":[{"embeddable":true,"href":"https:\/\/pepapps.com\/coates\/wp-json\/wp\/v2\/users\/1"}],"replies":[{"embeddable":true,"href":"https:\/\/pepapps.com\/coates\/wp-json\/wp\/v2\/comments?post=3"}],"version-history":[{"count":1,"href":"https:\/\/pepapps.com\/coates\/wp-json\/wp\/v2\/pages\/3\/revisions"}],"predecessor-version":[{"id":13160,"href":"https:\/\/pepapps.com\/coates\/wp-json\/wp\/v2\/pages\/3\/revisions\/13160"}],"wp:attachment":[{"href":"https:\/\/pepapps.com\/coates\/wp-json\/wp\/v2\/media?parent=3"}],"curies":[{"name":"wp","href":"https:\/\/api.w.org\/{rel}","templated":true}]}}